{"id":788,"date":"2020-08-26T16:42:21","date_gmt":"2020-08-26T14:42:21","guid":{"rendered":"https:\/\/www.motolese.it\/termini-e-condizioni\/"},"modified":"2021-02-09T17:23:11","modified_gmt":"2021-02-09T15:23:11","slug":"terms-and-conditions","status":"publish","type":"page","link":"https:\/\/www.motolese.it\/en\/terms-and-conditions\/","title":{"rendered":"Terms and Conditions"},"content":{"rendered":"<p>Il presente sito \u00e8 propriet\u00e0 di:<br \/>MOTOLESE NICOLA ditta ind., P.Iva IT01958930735, C.F. MTLNCL73E23L049P &#8211; Masseria Angiulli Grande n.55, 74023 &#8211; Grottaglie TA<\/p>\n<p>Servizio Clienti dal luned\u00ec al venerd\u00ec dalle 17:30 alle 20:00<br \/>\nTelefono: +39 099 5661533<br \/>\nFax: +39 099 5663127<br \/>\nEmail: <a href=\"mailto:info@motolese.it\">info@motolese.it<\/a><\/p>\n<p>Le presenti <strong>condizioni di vendita<\/strong> disciplinano la vendita dei prodotti commercializzati da Tenute Motolese (di seguito per brevit\u00e0 indicata come Esercente) attraverso il sito internet www.motolese.it. Tutti i contratti di acquisto di prodotti conclusi, tramite il suddeto sito internet e secondo le procedure qui indicate, tra il venditore e il Cliente, saranno regolati dalle presenti condizioni di vendita (in accordo alla legge italiana ed in particolare al D.Lgs. 70\/2003 relativamente al commercio elettronico e al D.Lgs. 206\/2005 con specifico riferimento alla normativa in materia di contratti a distanza). Eventuali modifiche o nuove condizioni di vendita verranno tempestivamente segnalate al Cliente, saranno efficaci dal momento della pubblicazione sul sito e verranno applicate alle sole vendite concluse successivamente alla pubblicazione.<\/p>\n<h4>Accettazione delle condizioni di vendita<\/h4>\n<p>Il contratto stipulato tra l&#8217;Esercente ed il Cliente deve intendersi concluso con l&#8217;accettazione dell&#8217;ordine da parte dell&#8217;Esercente. L&#8217;accettazione si ritiene tacita, se non altrimenti comunicato con qualsiasi modalit\u00e0 al Cliente. Effettuando un ordine nelle varie modalit\u00e0 previste, il Cliente dichiara di aver preso visione delle indicazioni fornite durante la procedura d&#8217;acquisto e di accettare le condizioni di seguito trascritte. Si invita pertanto il Cliente a leggere attentamente le presenti condizioni di vendita e a stamparle o a salvarle su altro supporto duraturo a lui accessibile.<\/p>\n<h4>Modalit\u00e0 di acquisto<\/h4>\n<p>Il Cliente pu\u00f2 acquistare solo i prodotti presenti su questo sito web al momento dell&#8217;inoltro dell&#8217;ordine cos\u00ec come descritti nelle relative schede informative. Le informazioni a corredo dei prodotti riproducono quelle fornite dalle case produttrici. L&#8217;Esercente, pertanto, si riserva il diritto di modificare le informazioni dei prodotti per adeguarle a quelle fornite dai produttori, senza necessit\u00e0 di preavviso. Le immagini presenti sul sito sono fornite al Cliente per agevolare il riconoscimento dei prodotti, a causa di variazioni nella confezione da parte del produttore, le foto potrebbero non rispecchiare esattamente l&#8217;aspetto del prodotto consegnato. La corretta ricezione dell&#8217;ordine \u00e8 confermata dall&#8217;Esercente mediante una risposta via e-mail, inviata all&#8217;indirizzo di posta elettronica comunicato dal Cliente. Tale messaggio di conferma riporter\u00e0 data e ora di ricezione dell&#8217;ordine ed un &#8220;Numero Ordine&#8221;, da utilizzarsi in ogni ulteriore comunicazione con l&#8217;Esercente, cos\u00ec come un rimando alle presenti condizioni di vendita. Nel caso di mancata accettazione dell&#8217;ordine, l&#8217;Esercente si impegna ad una tempestiva comunicazione al Cliente. Tutti i prezzi presenti nel sito sono da intendersi prezzi al pubblico e, quindi, comprensivi di iva. L&#8217;Esercente si riserva il diritto di modificare i prezzi in ogni momento, senza alcun preavviso. I prezzi al pubblico non includono eventuali tasse, dazi ed imposte applicabili nel Paese di destinazione dei prodotti e\/o servizi ove questo sia diverso dall\u2019Italia. Tali costi, diversi da paese a paese, sono a carico del cliente, al quale spetta l\u2019onere di verificarne l\u2019ammontare presso le competenti autorit\u00e0 doganali. A fronte di una richiesta scritta rimborseremo il cliente dei costi incorsi.<\/p>\n<h4>Modalit\u00e0 di pagamento<\/h4>\n<p>Il Cliente pu\u00f2 acquistare i prodotti presenti su questo sito internet utilizzando diverse forme di pagamento, cos\u00ec come indicato nella procedura d&#8217;acquisto. Eventuali costi aggiuntivi afferenti ad una determinata modalit\u00e0 di pagamento verranno esplicitamente evidenziati durante la procedura d&#8217;acquisto stessa.<\/p>\n<p><img loading=\"lazy\" decoding=\"async\" src=\"https:\/\/www.motolese.it\/wp-content\/uploads\/2021\/01\/paypal-logo-payment-300x111.png\" alt=\"Pagamenti sicuri\" width=\"300\" height=\"111\" class=\"alignnone size-medium wp-image-635\" srcset=\"https:\/\/www.motolese.it\/wp-content\/uploads\/2021\/01\/paypal-logo-payment-300x111.png 300w, https:\/\/www.motolese.it\/wp-content\/uploads\/2021\/01\/paypal-logo-payment-768x283.png 768w, https:\/\/www.motolese.it\/wp-content\/uploads\/2021\/01\/paypal-logo-payment-870x320.png 870w, https:\/\/www.motolese.it\/wp-content\/uploads\/2021\/01\/paypal-logo-payment-390x144.png 390w, https:\/\/www.motolese.it\/wp-content\/uploads\/2021\/01\/paypal-logo-payment-600x221.png 600w, https:\/\/www.motolese.it\/wp-content\/uploads\/2021\/01\/paypal-logo-payment.png 980w\" sizes=\"auto, (max-width: 300px) 100vw, 300px\" \/><\/p>\n<h4>Modalit\u00e0 di consegna<\/h4>\n<p>L&#8217;Esercente consegna i propri prodotti tramite corrieri specializzati. Le spese di spedizione, in genere, sono a carico del Cliente e sono evidenziate esplicitamente al momento dell&#8217;effettuazione dell&#8217;ordine. A seconda dell\u2019area di destinazione della merce, le consegne potranno avvenire in un arco di tempo che varia dalle 24 ore ai 4 giorni, salvo contrattempi (comunque al pi\u00f9 tardi entro trenta giorni dalla data dell&#8217;ordine). Il Cliente al ricevimento della merce \u00e8 tenuto a verificarne l&#8217;integrit\u00e0, qualora il cliente avesse dubbi circa l&#8217;integrit\u00e0 della stessa, dovr\u00e0 indicarlo sulla ricevuta di consegna. Il cliente avr\u00e0 tempo 14 giorni lavorativi per verificare l&#8217;integrit\u00e0 della merce e comunicare per iscritto tramite posta elettronica all&#8217;indirizzo info@motolese.it eventuali danneggiamenti. Entro 14 giorni lavorativi l&#8217;Esercente provveder\u00e0 a rimborsare il cliente.<\/p>\n<h4>Diritto di recesso<\/h4>\n<p>Il Cliente ha il diritto di recedere dal contratto, senza indicarne le ragioni, entro 14 giorni. Il periodo di recesso scade dopo 14 giorni dal giorno in cui il Cliente o un terzo, diverso dal vettore e dal Cliente designato, acquisisce il possesso fisico dei beni. Per esercitare il diritto di recesso, il Cliente \u00e8 tenuto a informare l&#8217;Esercente della decisione di recedere tramite una dichiarazione esplicita inviata ai contatti indicati pi\u00f9 sopra (ad esempio tramite lettera inviata per posta, fax o posta elettronica). Per rispettare il termine di recesso, \u00e8 sufficiente che il Cliente invii la comunicazione relativa all&#8217;esercizio del diritto di recesso prima della scadenza del periodo di recesso. Se il Cliente recede dal presente contratto, gli saranno rimborsati tutti i pagamenti che ha effettuato a favore dell&#8217;Esercente, compresi i costi di consegna (ad eccezione dei costi supplementari derivanti dalla eventuale scelta di un tipo di consegna diverso dal tipo meno costoso di consegna standard offerto), senza indebito ritardo e in ogni caso non oltre 14 giorni dal giorno in cui l&#8217;Esercente \u00e8 informato della decisione del Cliente di recedere dal presente contratto. Detti rimborsi saranno effettuati utilizzando lo stesso mezzo di pagamento usato dal Cliente per la transazione iniziale, salvo che il Cliente non abbia espressamente convenuto altrimenti; in ogni caso il Cliente non dovr\u00e0 sostenere alcun costo quale conseguenza di tale rimborso. Il rimborso pu\u00f2 essere sospeso fino al ricevimento dei beni oppure fino all\u2019avvenuta dimostrazione da parte del Cliente di aver rispedito i beni, se precedente. Il Cliente \u00e8 pregato di rispedire i beni e di consegnarli all&#8217;Esercente senza indebiti ritardi e in ogni caso entro 14 giorni dal giorno in cui ha comunicato il recesso dal presente contratto. Il termine \u00e8 rispettato se il Cliente rispedisce i beni prima della scadenza del periodo di 14 giorni. I costi della restituzione dei beni saranno a carico del Cliente. Il Cliente \u00e8 responsabile solo della diminuzione del valore dei beni risultante da una manipolazione del bene diversa da quella necessaria per stabilire la natura, le caratteristiche e il funzionamento dei beni. Non vengono sostituiti o rimborsati prodotti danneggiati od usati, anche solo in parte. Il diritto di recesso non si applica: ai beni confezionati su misura o chiaramente personalizzati o che, per loro natura, rischiano di deteriorarsi rapidamente, siano sigillati e non si prestino ad essere restituiti per motivi igienici ovvero siano connessi alla protezione della salute e siano stati aperti dopo la consegna.<\/p>\n<h4>Piattaforma europea per la risoluzione delle controversie<\/h4>\n<p>L&#8217;Esercente informa l\u2019utente che rivesta la qualifica di consumatore di cui all\u2019art. 3, comma 1, lett. a) del Codice del Consumo che \u00e8 stata istituita una piattaforma europea per la risoluzione online delle controversie dei consumatori (c.d. piattaforma ODR). La piattaforma ODR \u00e8 consultabile al seguente indirizzo <a href=\"https:\/\/ec.europa.eu\/consumers\/odr\/main\/?event=main.home.show\" target=\"_blank\" rel=\"noopener noreferrer\">https:\/\/ec.europa.eu\/consumers\/odr\/main\/?event=main.home.show<\/a>. Attraverso la piattaforma ODR l\u2019utente consumatore potr\u00e0 consultare l\u2019elenco degli organismi ADR, trovare il link al sito di ciascuno di essi e avviare una procedura di risoluzione on-line della controversia in cui sia coinvolto.<\/p>\n<h4>Garanzia<\/h4>\n<p>Il Cliente che acquista in qualit\u00e0 di consumatore ha il diritto di garanzia sui prodotti e servizi acquistati nei limiti di 24 mesi dall\u2019acquisto e alle condizioni stabilite dalla legge, a condizione che sia data comunicazione a Wineshop.it dei vizi riscontrati, con le stesse modalit\u00e0 previste per il recesso, entro 2 mesi dalla loro scoperta.<\/p>\n<h4>Privacy<\/h4>\n<p>I dati personali richiesti in fase di inoltro dell&#8217;ordine sono raccolti dall&#8217;Esercente e trattati su supporti informatici, al fine di soddisfare le obbligazioni nascenti dal contratto concluso con il Cliente e non verranno in nessun caso e a nessun titolo ceduti a terzi. Per maggiori dettagli\u00e8 possibile consultare la nostra Privacy Policy a questo indirizzo: <a href=\"\/it\/privacy-policy\">https:\/\/www.motolese.it\/privacy-policy<\/a><\/p>\n<h4>Tutela dei minori<\/h4>\n<p>L&#8217;Esercente non vende vino o altri prodotti alcolici ai minori di 18 anni. Il corriere <span style=\"text-decoration:underline\">non<\/span> consegner\u00e0 il vino o altri prodotti alcolici ai minori di 18 anni e potr\u00e0 richiedere un documento di identit\u00e0 per verificare l&#8217;et\u00e0.<\/p>\n<h4>Reclami<\/h4>\n<p>Ogni eventuale reclamo dovr\u00e0 essere rivolto per iscritto all&#8217;indirizzo postale dell&#8217;Esercente oppure per email a <a href=\"mailto:info@motolese.it\">info@motolese.it<\/a>.<\/p>\n<h4>Giurisdizione e legge applicabile<\/h4>\n<p>Il contratto di vendita tra il Cliente e l&#8217;Esercente si intende concluso in Italia e regolato dalla Legge Italiana. Per la soluzione di controversie civili e penali derivanti dalla conclusione del presente contratto di vendita a distanza, se il Cliente \u00e8 un consumatore, la competenza territoriale \u00e8 quella del foro di riferimento del suo comune di residenza; in tutti gli altri casi, la competenza territoriale \u00e8 esclusivamente quella del Foro di Taranto.<\/p>\n","protected":false},"excerpt":{"rendered":"<p>Il presente sito \u00e8 propriet\u00e0 di:MOTOLESE NICOLA ditta ind., P.Iva IT01958930735, C.F. MTLNCL73E23L049P &#8211; Masseria Angiulli Grande n.55, 74023 &#8211; Grottaglie TA Servizio Clienti dal luned\u00ec al venerd\u00ec dalle 17:30 alle 20:00 Telefono: +39 099 5661533 Fax: +39 099 5663127 Email: info@motolese.it Le presenti condizioni di vendita disciplinano la vendita dei prodotti commercializzati da Tenute [&hellip;]<\/p>\n","protected":false},"author":4,"featured_media":0,"parent":0,"menu_order":0,"comment_status":"closed","ping_status":"closed","template":"","meta":{"footnotes":""},"class_list":["post-788","page","type-page","status-publish","hentry"],"yoast_head":"<!-- This site is optimized with the Yoast SEO plugin v27.3 - https:\/\/yoast.com\/product\/yoast-seo-wordpress\/ -->\n<title>Terms and Conditions - Tenute Motolese<\/title>\n<meta name=\"robots\" content=\"index, follow, max-snippet:-1, max-image-preview:large, max-video-preview:-1\" \/>\n<link rel=\"canonical\" href=\"https:\/\/www.motolese.it\/en\/terms-and-conditions\/\" \/>\n<meta property=\"og:locale\" content=\"en_US\" \/>\n<meta property=\"og:type\" content=\"article\" \/>\n<meta property=\"og:title\" content=\"Terms and Conditions - Tenute Motolese\" \/>\n<meta property=\"og:description\" content=\"Il presente sito \u00e8 propriet\u00e0 di:MOTOLESE NICOLA ditta ind., P.Iva IT01958930735, C.F. MTLNCL73E23L049P &#8211; Masseria Angiulli Grande n.55, 74023 &#8211; Grottaglie TA Servizio Clienti dal luned\u00ec al venerd\u00ec dalle 17:30 alle 20:00 Telefono: +39 099 5661533 Fax: +39 099 5663127 Email: info@motolese.it Le presenti condizioni di vendita disciplinano la vendita dei prodotti commercializzati da Tenute [&hellip;]\" \/>\n<meta property=\"og:url\" content=\"https:\/\/www.motolese.it\/en\/terms-and-conditions\/\" \/>\n<meta property=\"og:site_name\" content=\"Tenute Motolese\" \/>\n<meta property=\"article:publisher\" content=\"https:\/\/www.facebook.com\/TenuteMotolese\/\" \/>\n<meta property=\"article:modified_time\" content=\"2021-02-09T15:23:11+00:00\" \/>\n<meta property=\"og:image\" content=\"https:\/\/www.motolese.it\/wp-content\/uploads\/2021\/01\/paypal-logo-payment-300x111.png\" \/>\n<meta name=\"twitter:card\" content=\"summary_large_image\" \/>\n<meta name=\"twitter:label1\" content=\"Est. reading time\" \/>\n\t<meta name=\"twitter:data1\" content=\"7 minutes\" \/>\n<script type=\"application\/ld+json\" class=\"yoast-schema-graph\">{\"@context\":\"https:\\\/\\\/schema.org\",\"@graph\":[{\"@type\":\"WebPage\",\"@id\":\"https:\\\/\\\/www.motolese.it\\\/en\\\/terms-and-conditions\\\/\",\"url\":\"https:\\\/\\\/www.motolese.it\\\/en\\\/terms-and-conditions\\\/\",\"name\":\"Terms and Conditions - Tenute Motolese\",\"isPartOf\":{\"@id\":\"https:\\\/\\\/www.motolese.it\\\/en\\\/#website\"},\"primaryImageOfPage\":{\"@id\":\"https:\\\/\\\/www.motolese.it\\\/en\\\/terms-and-conditions\\\/#primaryimage\"},\"image\":{\"@id\":\"https:\\\/\\\/www.motolese.it\\\/en\\\/terms-and-conditions\\\/#primaryimage\"},\"thumbnailUrl\":\"https:\\\/\\\/www.motolese.it\\\/wp-content\\\/uploads\\\/2021\\\/01\\\/paypal-logo-payment-300x111.png\",\"datePublished\":\"2020-08-26T14:42:21+00:00\",\"dateModified\":\"2021-02-09T15:23:11+00:00\",\"breadcrumb\":{\"@id\":\"https:\\\/\\\/www.motolese.it\\\/en\\\/terms-and-conditions\\\/#breadcrumb\"},\"inLanguage\":\"en-US\",\"potentialAction\":[{\"@type\":\"ReadAction\",\"target\":[\"https:\\\/\\\/www.motolese.it\\\/en\\\/terms-and-conditions\\\/\"]}]},{\"@type\":\"ImageObject\",\"inLanguage\":\"en-US\",\"@id\":\"https:\\\/\\\/www.motolese.it\\\/en\\\/terms-and-conditions\\\/#primaryimage\",\"url\":\"https:\\\/\\\/www.motolese.it\\\/wp-content\\\/uploads\\\/2021\\\/01\\\/paypal-logo-payment-300x111.png\",\"contentUrl\":\"https:\\\/\\\/www.motolese.it\\\/wp-content\\\/uploads\\\/2021\\\/01\\\/paypal-logo-payment-300x111.png\"},{\"@type\":\"BreadcrumbList\",\"@id\":\"https:\\\/\\\/www.motolese.it\\\/en\\\/terms-and-conditions\\\/#breadcrumb\",\"itemListElement\":[{\"@type\":\"ListItem\",\"position\":1,\"name\":\"Home\",\"item\":\"https:\\\/\\\/www.motolese.it\\\/en\\\/\"},{\"@type\":\"ListItem\",\"position\":2,\"name\":\"Terms and Conditions\"}]},{\"@type\":\"WebSite\",\"@id\":\"https:\\\/\\\/www.motolese.it\\\/en\\\/#website\",\"url\":\"https:\\\/\\\/www.motolese.it\\\/en\\\/\",\"name\":\"Tenute Motolese\",\"description\":\"Turismo nelle terre del primitivo\",\"publisher\":{\"@id\":\"https:\\\/\\\/www.motolese.it\\\/en\\\/#organization\"},\"potentialAction\":[{\"@type\":\"SearchAction\",\"target\":{\"@type\":\"EntryPoint\",\"urlTemplate\":\"https:\\\/\\\/www.motolese.it\\\/en\\\/?s={search_term_string}\"},\"query-input\":{\"@type\":\"PropertyValueSpecification\",\"valueRequired\":true,\"valueName\":\"search_term_string\"}}],\"inLanguage\":\"en-US\"},{\"@type\":\"Organization\",\"@id\":\"https:\\\/\\\/www.motolese.it\\\/en\\\/#organization\",\"name\":\"Tenute Motolese\",\"url\":\"https:\\\/\\\/www.motolese.it\\\/en\\\/\",\"logo\":{\"@type\":\"ImageObject\",\"inLanguage\":\"en-US\",\"@id\":\"https:\\\/\\\/www.motolese.it\\\/en\\\/#\\\/schema\\\/logo\\\/image\\\/\",\"url\":\"https:\\\/\\\/www.motolese.it\\\/wp-content\\\/uploads\\\/2020\\\/08\\\/logo_motolese_small.png\",\"contentUrl\":\"https:\\\/\\\/www.motolese.it\\\/wp-content\\\/uploads\\\/2020\\\/08\\\/logo_motolese_small.png\",\"width\":183,\"height\":100,\"caption\":\"Tenute Motolese\"},\"image\":{\"@id\":\"https:\\\/\\\/www.motolese.it\\\/en\\\/#\\\/schema\\\/logo\\\/image\\\/\"},\"sameAs\":[\"https:\\\/\\\/www.facebook.com\\\/TenuteMotolese\\\/\",\"https:\\\/\\\/www.instagram.com\\\/tenute_motolese\\\/\"]}]}<\/script>\n<!-- \/ Yoast SEO plugin. -->","yoast_head_json":{"title":"Terms and Conditions - Tenute Motolese","robots":{"index":"index","follow":"follow","max-snippet":"max-snippet:-1","max-image-preview":"max-image-preview:large","max-video-preview":"max-video-preview:-1"},"canonical":"https:\/\/www.motolese.it\/en\/terms-and-conditions\/","og_locale":"en_US","og_type":"article","og_title":"Terms and Conditions - Tenute Motolese","og_description":"Il presente sito \u00e8 propriet\u00e0 di:MOTOLESE NICOLA ditta ind., P.Iva IT01958930735, C.F. MTLNCL73E23L049P &#8211; Masseria Angiulli Grande n.55, 74023 &#8211; Grottaglie TA Servizio Clienti dal luned\u00ec al venerd\u00ec dalle 17:30 alle 20:00 Telefono: +39 099 5661533 Fax: +39 099 5663127 Email: info@motolese.it Le presenti condizioni di vendita disciplinano la vendita dei prodotti commercializzati da Tenute [&hellip;]","og_url":"https:\/\/www.motolese.it\/en\/terms-and-conditions\/","og_site_name":"Tenute Motolese","article_publisher":"https:\/\/www.facebook.com\/TenuteMotolese\/","article_modified_time":"2021-02-09T15:23:11+00:00","og_image":[{"url":"https:\/\/www.motolese.it\/wp-content\/uploads\/2021\/01\/paypal-logo-payment-300x111.png","type":"","width":"","height":""}],"twitter_card":"summary_large_image","twitter_misc":{"Est. reading time":"7 minutes"},"schema":{"@context":"https:\/\/schema.org","@graph":[{"@type":"WebPage","@id":"https:\/\/www.motolese.it\/en\/terms-and-conditions\/","url":"https:\/\/www.motolese.it\/en\/terms-and-conditions\/","name":"Terms and Conditions - Tenute Motolese","isPartOf":{"@id":"https:\/\/www.motolese.it\/en\/#website"},"primaryImageOfPage":{"@id":"https:\/\/www.motolese.it\/en\/terms-and-conditions\/#primaryimage"},"image":{"@id":"https:\/\/www.motolese.it\/en\/terms-and-conditions\/#primaryimage"},"thumbnailUrl":"https:\/\/www.motolese.it\/wp-content\/uploads\/2021\/01\/paypal-logo-payment-300x111.png","datePublished":"2020-08-26T14:42:21+00:00","dateModified":"2021-02-09T15:23:11+00:00","breadcrumb":{"@id":"https:\/\/www.motolese.it\/en\/terms-and-conditions\/#breadcrumb"},"inLanguage":"en-US","potentialAction":[{"@type":"ReadAction","target":["https:\/\/www.motolese.it\/en\/terms-and-conditions\/"]}]},{"@type":"ImageObject","inLanguage":"en-US","@id":"https:\/\/www.motolese.it\/en\/terms-and-conditions\/#primaryimage","url":"https:\/\/www.motolese.it\/wp-content\/uploads\/2021\/01\/paypal-logo-payment-300x111.png","contentUrl":"https:\/\/www.motolese.it\/wp-content\/uploads\/2021\/01\/paypal-logo-payment-300x111.png"},{"@type":"BreadcrumbList","@id":"https:\/\/www.motolese.it\/en\/terms-and-conditions\/#breadcrumb","itemListElement":[{"@type":"ListItem","position":1,"name":"Home","item":"https:\/\/www.motolese.it\/en\/"},{"@type":"ListItem","position":2,"name":"Terms and Conditions"}]},{"@type":"WebSite","@id":"https:\/\/www.motolese.it\/en\/#website","url":"https:\/\/www.motolese.it\/en\/","name":"Tenute Motolese","description":"Turismo nelle terre del primitivo","publisher":{"@id":"https:\/\/www.motolese.it\/en\/#organization"},"potentialAction":[{"@type":"SearchAction","target":{"@type":"EntryPoint","urlTemplate":"https:\/\/www.motolese.it\/en\/?s={search_term_string}"},"query-input":{"@type":"PropertyValueSpecification","valueRequired":true,"valueName":"search_term_string"}}],"inLanguage":"en-US"},{"@type":"Organization","@id":"https:\/\/www.motolese.it\/en\/#organization","name":"Tenute Motolese","url":"https:\/\/www.motolese.it\/en\/","logo":{"@type":"ImageObject","inLanguage":"en-US","@id":"https:\/\/www.motolese.it\/en\/#\/schema\/logo\/image\/","url":"https:\/\/www.motolese.it\/wp-content\/uploads\/2020\/08\/logo_motolese_small.png","contentUrl":"https:\/\/www.motolese.it\/wp-content\/uploads\/2020\/08\/logo_motolese_small.png","width":183,"height":100,"caption":"Tenute Motolese"},"image":{"@id":"https:\/\/www.motolese.it\/en\/#\/schema\/logo\/image\/"},"sameAs":["https:\/\/www.facebook.com\/TenuteMotolese\/","https:\/\/www.instagram.com\/tenute_motolese\/"]}]}},"_links":{"self":[{"href":"https:\/\/www.motolese.it\/en\/wp-json\/wp\/v2\/pages\/788","targetHints":{"allow":["GET"]}}],"collection":[{"href":"https:\/\/www.motolese.it\/en\/wp-json\/wp\/v2\/pages"}],"about":[{"href":"https:\/\/www.motolese.it\/en\/wp-json\/wp\/v2\/types\/page"}],"author":[{"embeddable":true,"href":"https:\/\/www.motolese.it\/en\/wp-json\/wp\/v2\/users\/4"}],"replies":[{"embeddable":true,"href":"https:\/\/www.motolese.it\/en\/wp-json\/wp\/v2\/comments?post=788"}],"version-history":[{"count":1,"href":"https:\/\/www.motolese.it\/en\/wp-json\/wp\/v2\/pages\/788\/revisions"}],"predecessor-version":[{"id":789,"href":"https:\/\/www.motolese.it\/en\/wp-json\/wp\/v2\/pages\/788\/revisions\/789"}],"wp:attachment":[{"href":"https:\/\/www.motolese.it\/en\/wp-json\/wp\/v2\/media?parent=788"}],"curies":[{"name":"wp","href":"https:\/\/api.w.org\/{rel}","templated":true}]}}